{"id":9710,"date":"2025-05-13T17:25:45","date_gmt":"2025-05-13T14:25:45","guid":{"rendered":"https:\/\/www.enucuzu.com\/blog\/?page_id=9710"},"modified":"2025-05-23T17:33:20","modified_gmt":"2025-05-23T14:33:20","slug":"seyahat-onerileri","status":"publish","type":"page","link":"https:\/\/www.enucuzu.com\/blog\/seyahat-onerileri","title":{"rendered":"Seyahat \u00d6nerileri"},"content":{"rendered":"\n<p><strong>Enucuzu.com Seyahat \u00d6nerileri<\/strong>, seyahat etmek istedi\u011finiz \u00fclke hakk\u0131nda bilmeniz gereken \u00f6nemli noktalar\u0131 tek bir ekranda derler.<\/p>\n\n\n\n<div class=\"wp-block-columns is-layout-flex wp-container-core-columns-is-layout-1 wp-block-columns-is-layout-flex\">\n<div class=\"wp-block-column is-layout-flow wp-block-column-is-layout-flow\">\n<h2 class=\"wp-block-heading\">A&#8230;<\/h2>\n\n\n\n<p class=\"has-vivid-green-cyan-color has-text-color has-link-color wp-elements-585d4de36874dd01fabd7b0ae319a945\"><a href=\"https:\/\/www.enucuzu.com\/blog\/almanya-guncel-seyahat-bilgileri\"><strong>Almanya<\/strong><\/a><\/p>\n\n\n\n<p class=\"has-vivid-green-cyan-color has-text-color has-link-color wp-elements-dd7befd862978ce760095f193a63a066\"><a href=\"https:\/\/www.enucuzu.com\/blog\/andorra-guncel-seyahat-bilgileri\"><strong>Andorra<\/strong><\/a><\/p>\n\n\n\n<p class=\"has-vivid-green-cyan-color has-text-color has-link-color wp-elements-b665798bc6e41d913efa9480f94d796b\"><a href=\"https:\/\/www.enucuzu.com\/blog\/arnavutluk-guncel-seyahat-bilgileri\"><strong>Arnavutluk<\/strong><\/a><\/p>\n\n\n\n<p class=\"has-vivid-green-cyan-color has-text-color has-link-color wp-elements-7aeb3fd67a15dcf8546a2a3bd6357f92\"><a href=\"https:\/\/www.enucuzu.com\/blog\/avusturya-guncel-seyahat-bilgileri\"><strong>Avusturya<\/strong><\/a><\/p>\n\n\n\n<p class=\"has-vivid-green-cyan-color has-text-color has-link-color wp-elements-eec89e5ece720be4502acd00000494b6\"><a href=\"https:\/\/www.enucuzu.com\/blog\/azerbaycan-guncel-seyahat-bilgileri\"><strong>Azerbaycan<\/strong><\/a><\/p>\n\n\n\n<h2 class=\"wp-block-heading\">B&#8230;<\/h2>\n\n\n\n<p class=\"has-luminous-vivid-amber-color has-text-color has-link-color wp-elements-58d1c6846507f38b7edf4a76b75cce74\" style=\"line-height:1.5\"><a href=\"https:\/\/www.enucuzu.com\/blog\/belarus-guncel-seyahat-bilgileri\"><strong>Belarus<\/strong><\/a><\/p>\n\n\n\n<p class=\"has-vivid-green-cyan-color has-text-color has-link-color wp-elements-dc151487eae5d7ff0c56f7289b483513\"><a href=\"https:\/\/www.enucuzu.com\/blog\/belcika-guncel-seyahat-bilgileri\"><strong>Bel\u00e7ika<\/strong><\/a><\/p>\n\n\n\n<p class=\"has-vivid-green-cyan-color has-text-color has-link-color wp-elements-56dfdfaf8e9449e913b9d7e4fa246de5\"><a href=\"https:\/\/www.enucuzu.com\/blog\/birlesik-krallik-guncel-seyahat-bilgileri\"><strong>Birle\u015fik Krall\u0131k<\/strong><\/a><\/p>\n\n\n\n<p class=\"has-vivid-green-cyan-color has-text-color has-link-color wp-elements-91d300fc5e894725bbfd20d7961ad475\"><a href=\"https:\/\/www.enucuzu.com\/blog\/bosna-hersek-guncel-seyahat-bilgileri\"><strong>Bosna Hersek<\/strong><\/a><\/p>\n\n\n\n<p class=\"has-vivid-green-cyan-color has-text-color has-link-color wp-elements-5ab8b8e3033e91c5ca67ed47b283e60d\"><a href=\"https:\/\/www.enucuzu.com\/blog\/bulgaristan-guncel-seyahat-bilgileri\"><strong>Bulgaristan<\/strong><\/a><\/p>\n\n\n\n<h2 class=\"wp-block-heading\">\u00c7&#8230;<\/h2>\n\n\n\n<p class=\"has-vivid-green-cyan-color has-text-color has-link-color wp-elements-de32a07b942067d490b158a731402d97\"><a href=\"https:\/\/www.enucuzu.com\/blog\/cekya-guncel-seyahat-bilgileri\"><strong>\u00c7ekya<\/strong> <strong>(\u00c7ek Cumhuriyeti)<\/strong><\/a><\/p>\n\n\n\n<h2 class=\"wp-block-heading\">D&#8230;<\/h2>\n\n\n\n<p class=\"has-vivid-green-cyan-color has-text-color has-link-color wp-elements-55cd6834abdd578156c6bed2765572e9\"><a href=\"https:\/\/www.enucuzu.com\/blog\/danimarka-guncel-seyahat-bilgileri\"><strong>Danimarka<\/strong><\/a><\/p>\n\n\n\n<h2 class=\"wp-block-heading\">E&#8230;<\/h2>\n\n\n\n<p class=\"has-luminous-vivid-amber-color has-text-color has-link-color wp-elements-49c145f73f3b54704943e2f7e249ee86\"><a href=\"https:\/\/www.enucuzu.com\/blog\/ermenistan-guncel-seyahat-bilgileri\"><strong>Ermenistan<\/strong><\/a><\/p>\n\n\n\n<p class=\"has-vivid-green-cyan-color has-text-color has-link-color wp-elements-3699bca579c496b5d1275a135ed69e73\"><strong><a href=\"https:\/\/www.enucuzu.com\/blog\/estonya-guncel-seyahat-bilgileri\">Estonya<\/a><\/strong><\/p>\n\n\n\n<h2 class=\"wp-block-heading\">F&#8230;<\/h2>\n\n\n\n<p class=\"has-vivid-green-cyan-color has-text-color has-link-color wp-elements-88f717087bbae6afcf4535d6a1beb255\"><strong><a href=\"https:\/\/www.enucuzu.com\/blog\/finlandiya-guncel-seyahat-bilgileri\">Finlandiya<\/a><\/strong><\/p>\n\n\n\n<p class=\"has-vivid-green-cyan-color has-text-color has-link-color wp-elements-df216c8058715686e48f0aa2b4e11c7d\"><strong><a href=\"https:\/\/www.enucuzu.com\/blog\/fransa-guncel-seyahat-bilgileri\">Fransa<\/a><\/strong><\/p>\n\n\n\n<h2 class=\"wp-block-heading\">G&#8230;<\/h2>\n\n\n\n<p class=\"has-luminous-vivid-amber-color has-text-color has-link-color wp-elements-6cd37b8953e19383e062c4716b334d7c\"><strong><a href=\"https:\/\/www.enucuzu.com\/blog\/gurcistan-guncel-seyahat-bilgileri\">G\u00fcrcistan<\/a><\/strong><\/p>\n\n\n\n<h2 class=\"wp-block-heading\">H&#8230;<\/h2>\n\n\n\n<p class=\"has-vivid-green-cyan-color has-text-color has-link-color wp-elements-44d5f197dad5c2e3a63c885a01702883\"><strong><a href=\"https:\/\/www.enucuzu.com\/blog\/hirvatistan-guncel-seyahat-bilgileri\">H\u0131rvatistan<\/a><\/strong><\/p>\n\n\n\n<p class=\"has-vivid-green-cyan-color has-text-color has-link-color wp-elements-497d7e05c88a2fc4e7addf95a87d62c9\"><strong><a href=\"https:\/\/www.enucuzu.com\/blog\/hollanda-guncel-seyahat-bilgileri\">Hollanda<\/a><\/strong><\/p>\n\n\n\n<h2 class=\"wp-block-heading\">\u0130&#8230;<\/h2>\n\n\n\n<p class=\"has-vivid-green-cyan-color has-text-color has-link-color wp-elements-fe6269bcead0e2a154786f544a3c0618\"><strong><a href=\"https:\/\/www.enucuzu.com\/blog\/irlanda-guncel-seyahat-bilgileri\">\u0130rlanda<\/a><\/strong><\/p>\n\n\n\n<p class=\"has-vivid-green-cyan-color has-text-color has-link-color wp-elements-fa9420fd8579450a6f8d63bffe8fce03\"><strong><a href=\"https:\/\/www.enucuzu.com\/blog\/ispanya-guncel-seyahat-bilgileri\">\u0130spanya<\/a><\/strong><\/p>\n\n\n\n<p class=\"has-vivid-green-cyan-color has-text-color has-link-color wp-elements-9ab525342a609bec7df54d494edb283c\"><a href=\"https:\/\/www.enucuzu.com\/blog\/italya-guncel-seyahat-bilgileri\"><strong>\u0130talya<\/strong><\/a><\/p>\n\n\n\n<h2 class=\"wp-block-heading\">R&#8230;<\/h2>\n\n\n\n<p class=\"has-luminous-vivid-amber-color has-text-color has-link-color wp-elements-7337c71f6ff270108e4f72fc6bf87efa\"><a href=\"https:\/\/www.enucuzu.com\/blog\/rusya-guncel-seyahat-bilgileri\"><strong>Rusya<\/strong><\/a><\/p>\n\n\n\n<h2 class=\"wp-block-heading\">U&#8230;<\/h2>\n\n\n\n<p class=\"has-vivid-red-color has-text-color has-link-color wp-elements-3ec5eba11b2e2b1c7deb673e9b00a0b6\"><strong><a href=\"https:\/\/www.enucuzu.com\/blog\/ukrayna-guncel-seyahat-bilgileri\">Ukrayna<\/a><\/strong><\/p>\n<\/div>\n<\/div>\n\n\n\n<h2 class=\"wp-block-heading\">Enucuzu.com Seyahat \u00d6nerileri Nedir?<\/h2>\n\n\n\n<p><strong>Enucuzu.com Seyahat \u00d6nerileri<\/strong>, seyahat etmek istedi\u011finiz \u00fclke hakk\u0131nda bilmeniz gereken \u00f6nemli noktalar\u0131 tek bir ekranda derler. Seyahat \u00d6nerileri a\u015fa\u011f\u0131daki ba\u015fl\u0131klardan olu\u015fur:<\/p>\n\n\n\n<ul>\n<li><strong>G\u00fcncel G\u00fcvenlik Risk D\u00fczeyi<\/strong><\/li>\n\n\n\n<li><strong>\u00dclke K\u00fcnyesi<\/strong><\/li>\n\n\n\n<li><strong>Acil Durumda Aranacak Numaralar<\/strong><\/li>\n\n\n\n<li><strong>G\u00fcncel Uyar\u0131lar<\/strong><\/li>\n\n\n\n<li><strong>Enucuzu.com&#8217;un Seyahat \u00d6nerileri<\/strong><\/li>\n\n\n\n<li><strong>Vize Gereksinimleri<\/strong><\/li>\n\n\n\n<li><strong>T\u00fcrkiye Cumhuriyeti D\u0131\u015fi\u015fleri Bakanl\u0131\u011f\u0131 Notlar\u0131<\/strong><\/li>\n\n\n\n<li><strong>G\u00fcmr\u00fck Kurallar\u0131<\/strong><\/li>\n\n\n\n<li><strong>Yasal ve K\u00fclt\u00fcrel Farkl\u0131l\u0131klar<\/strong><\/li>\n\n\n\n<li><strong>G\u00fcvenlik<\/strong><\/li>\n\n\n\n<li><strong>Ehliyet ve Ara\u00e7 Kiralama<\/strong><\/li>\n\n\n\n<li><strong>Ula\u015f\u0131m ve Toplu Ta\u015f\u0131ma<\/strong><\/li>\n\n\n\n<li><strong>Al\u0131\u015fveri\u015f<\/strong><\/li>\n\n\n\n<li><strong>Yeme \u0130\u00e7me<\/strong><\/li>\n\n\n\n<li><strong>Sa\u011fl\u0131k<\/strong><\/li>\n\n\n\n<li><strong>A\u015f\u0131r\u0131 Hava Ko\u015fullar\u0131 ve Do\u011fal Afetler<\/strong><\/li>\n\n\n\n<li><strong>Gezi Rehberi<\/strong><\/li>\n<\/ul>\n","protected":false},"excerpt":{"rendered":"<p>Enucuzu.com Seyahat \u00d6nerileri, seyahat etmek istedi\u011finiz \u00fclke hakk\u0131nda bilmeniz gereken \u00f6nemli noktalar\u0131 tek bir ekranda derler. A&#8230; Almanya Andorra Arnavutluk Avusturya Azerbaycan B&#8230; Belarus Bel\u00e7ika Birle\u015fik Krall\u0131k Bosna Hersek Bulgaristan \u00c7&#8230; \u00c7ekya (\u00c7ek Cumhuriyeti) D&#8230; Danimarka E&#8230; Ermenistan Estonya F&#8230; Finlandiya Fransa G&#8230; G\u00fcrcistan H&#8230; H\u0131rvatistan Hollanda \u0130&#8230; \u0130rlanda \u0130spanya \u0130talya R&#8230; Rusya U&#8230; Ukrayna<\/p>\n","protected":false},"author":1,"featured_media":0,"parent":0,"menu_order":0,"comment_status":"closed","ping_status":"closed","template":"","meta":{"footnotes":""},"yoast_head":"<!-- This site is optimized with the Yoast SEO plugin v24.5 - https:\/\/yoast.com\/wordpress\/plugins\/seo\/ -->\n<title>Seyahat \u00d6nerileri - Enucuzu<\/title>\n<meta name=\"description\" content=\"Seyahat etmek istedi\u011finiz \u00fclke hakk\u0131nda temel bilgileri \u00f6\u011frenin; g\u00fcvenlik, ula\u015f\u0131m, ara\u00e7 kiralama, al\u0131\u015fveri\u015f ve yemek gibi konular hakk\u0131nda bilgi edinin.\" \/>\n<meta name=\"robots\" content=\"index, follow, max-snippet:-1, max-image-preview:large, max-video-preview:-1\" \/>\n<link rel=\"canonical\" href=\"https:\/\/www.enucuzu.com\/blog\/seyahat-onerileri\" \/>\n<meta property=\"og:locale\" content=\"tr_TR\" \/>\n<meta property=\"og:type\" content=\"article\" \/>\n<meta property=\"og:title\" content=\"Seyahat \u00d6nerileri - Enucuzu\" \/>\n<meta property=\"og:description\" content=\"Seyahat etmek istedi\u011finiz \u00fclke hakk\u0131nda temel bilgileri \u00f6\u011frenin; g\u00fcvenlik, ula\u015f\u0131m, ara\u00e7 kiralama, al\u0131\u015fveri\u015f ve yemek gibi konular hakk\u0131nda bilgi edinin.\" \/>\n<meta property=\"og:url\" content=\"https:\/\/www.enucuzu.com\/blog\/seyahat-onerileri\" \/>\n<meta property=\"og:site_name\" content=\"Enucuzu Blog\" \/>\n<meta property=\"article:publisher\" content=\"https:\/\/www.facebook.com\/eenucuzucom\" \/>\n<meta property=\"article:modified_time\" content=\"2025-05-23T14:33:20+00:00\" \/>\n<meta name=\"twitter:card\" content=\"summary_large_image\" \/>\n<meta name=\"twitter:site\" content=\"@ComEnucuzu\" \/>\n<meta name=\"twitter:label1\" content=\"Tahmini okuma s\u00fcresi\" \/>\n\t<meta name=\"twitter:data1\" content=\"1 dakika\" \/>\n<script type=\"application\/ld+json\" class=\"yoast-schema-graph\">{\"@context\":\"https:\/\/schema.org\",\"@graph\":[{\"@type\":\"WebPage\",\"@id\":\"https:\/\/www.enucuzu.com\/blog\/seyahat-onerileri\",\"url\":\"https:\/\/www.enucuzu.com\/blog\/seyahat-onerileri\",\"name\":\"Seyahat \u00d6nerileri - Enucuzu\",\"isPartOf\":{\"@id\":\"https:\/\/www.enucuzu.com\/blog\/#website\"},\"datePublished\":\"2025-05-13T14:25:45+00:00\",\"dateModified\":\"2025-05-23T14:33:20+00:00\",\"description\":\"Seyahat etmek istedi\u011finiz \u00fclke hakk\u0131nda temel bilgileri \u00f6\u011frenin; g\u00fcvenlik, ula\u015f\u0131m, ara\u00e7 kiralama, al\u0131\u015fveri\u015f ve yemek gibi konular hakk\u0131nda bilgi edinin.\",\"breadcrumb\":{\"@id\":\"https:\/\/www.enucuzu.com\/blog\/seyahat-onerileri#breadcrumb\"},\"inLanguage\":\"tr\",\"potentialAction\":[{\"@type\":\"ReadAction\",\"target\":[\"https:\/\/www.enucuzu.com\/blog\/seyahat-onerileri\"]}]},{\"@type\":\"BreadcrumbList\",\"@id\":\"https:\/\/www.enucuzu.com\/blog\/seyahat-onerileri#breadcrumb\",\"itemListElement\":[{\"@type\":\"ListItem\",\"position\":1,\"name\":\"Ana Sayfa\",\"item\":\"https:\/\/www.enucuzu.com\/blog\/\"},{\"@type\":\"ListItem\",\"position\":2,\"name\":\"Seyahat \u00d6nerileri\"}]},{\"@type\":\"WebSite\",\"@id\":\"https:\/\/www.enucuzu.com\/blog\/#website\",\"url\":\"https:\/\/www.enucuzu.com\/blog\/\",\"name\":\"Enucuzu Blog\",\"description\":\"\",\"publisher\":{\"@id\":\"https:\/\/www.enucuzu.com\/blog\/#organization\"},\"alternateName\":\"Enucuzu Blog\",\"potentialAction\":[{\"@type\":\"SearchAction\",\"target\":{\"@type\":\"EntryPoint\",\"urlTemplate\":\"https:\/\/www.enucuzu.com\/blog\/?s={search_term_string}\"},\"query-input\":{\"@type\":\"PropertyValueSpecification\",\"valueRequired\":true,\"valueName\":\"search_term_string\"}}],\"inLanguage\":\"tr\"},{\"@type\":\"Organization\",\"@id\":\"https:\/\/www.enucuzu.com\/blog\/#organization\",\"name\":\"Enucuzu.com\",\"alternateName\":\"Enucuzu\",\"url\":\"https:\/\/www.enucuzu.com\/blog\/\",\"logo\":{\"@type\":\"ImageObject\",\"inLanguage\":\"tr\",\"@id\":\"https:\/\/www.enucuzu.com\/blog\/#\/schema\/logo\/image\/\",\"url\":\"https:\/\/www.enucuzu.com\/blog\/wp-content\/uploads\/2023\/10\/enucuzu-com.webp\",\"contentUrl\":\"https:\/\/www.enucuzu.com\/blog\/wp-content\/uploads\/2023\/10\/enucuzu-com.webp\",\"width\":500,\"height\":500,\"caption\":\"Enucuzu.com\"},\"image\":{\"@id\":\"https:\/\/www.enucuzu.com\/blog\/#\/schema\/logo\/image\/\"},\"sameAs\":[\"https:\/\/www.facebook.com\/eenucuzucom\",\"https:\/\/x.com\/ComEnucuzu\",\"https:\/\/www.instagram.com\/enucuzu_com\/\"]}]}<\/script>\n<!-- \/ Yoast SEO plugin. -->","yoast_head_json":{"title":"Seyahat \u00d6nerileri - Enucuzu","description":"Seyahat etmek istedi\u011finiz \u00fclke hakk\u0131nda temel bilgileri \u00f6\u011frenin; g\u00fcvenlik, ula\u015f\u0131m, ara\u00e7 kiralama, al\u0131\u015fveri\u015f ve yemek gibi konular hakk\u0131nda bilgi edinin.","robots":{"index":"index","follow":"follow","max-snippet":"max-snippet:-1","max-image-preview":"max-image-preview:large","max-video-preview":"max-video-preview:-1"},"canonical":"https:\/\/www.enucuzu.com\/blog\/seyahat-onerileri","og_locale":"tr_TR","og_type":"article","og_title":"Seyahat \u00d6nerileri - Enucuzu","og_description":"Seyahat etmek istedi\u011finiz \u00fclke hakk\u0131nda temel bilgileri \u00f6\u011frenin; g\u00fcvenlik, ula\u015f\u0131m, ara\u00e7 kiralama, al\u0131\u015fveri\u015f ve yemek gibi konular hakk\u0131nda bilgi edinin.","og_url":"https:\/\/www.enucuzu.com\/blog\/seyahat-onerileri","og_site_name":"Enucuzu Blog","article_publisher":"https:\/\/www.facebook.com\/eenucuzucom","article_modified_time":"2025-05-23T14:33:20+00:00","twitter_card":"summary_large_image","twitter_site":"@ComEnucuzu","twitter_misc":{"Tahmini okuma s\u00fcresi":"1 dakika"},"schema":{"@context":"https:\/\/schema.org","@graph":[{"@type":"WebPage","@id":"https:\/\/www.enucuzu.com\/blog\/seyahat-onerileri","url":"https:\/\/www.enucuzu.com\/blog\/seyahat-onerileri","name":"Seyahat \u00d6nerileri - Enucuzu","isPartOf":{"@id":"https:\/\/www.enucuzu.com\/blog\/#website"},"datePublished":"2025-05-13T14:25:45+00:00","dateModified":"2025-05-23T14:33:20+00:00","description":"Seyahat etmek istedi\u011finiz \u00fclke hakk\u0131nda temel bilgileri \u00f6\u011frenin; g\u00fcvenlik, ula\u015f\u0131m, ara\u00e7 kiralama, al\u0131\u015fveri\u015f ve yemek gibi konular hakk\u0131nda bilgi edinin.","breadcrumb":{"@id":"https:\/\/www.enucuzu.com\/blog\/seyahat-onerileri#breadcrumb"},"inLanguage":"tr","potentialAction":[{"@type":"ReadAction","target":["https:\/\/www.enucuzu.com\/blog\/seyahat-onerileri"]}]},{"@type":"BreadcrumbList","@id":"https:\/\/www.enucuzu.com\/blog\/seyahat-onerileri#breadcrumb","itemListElement":[{"@type":"ListItem","position":1,"name":"Ana Sayfa","item":"https:\/\/www.enucuzu.com\/blog\/"},{"@type":"ListItem","position":2,"name":"Seyahat \u00d6nerileri"}]},{"@type":"WebSite","@id":"https:\/\/www.enucuzu.com\/blog\/#website","url":"https:\/\/www.enucuzu.com\/blog\/","name":"Enucuzu Blog","description":"","publisher":{"@id":"https:\/\/www.enucuzu.com\/blog\/#organization"},"alternateName":"Enucuzu Blog","potentialAction":[{"@type":"SearchAction","target":{"@type":"EntryPoint","urlTemplate":"https:\/\/www.enucuzu.com\/blog\/?s={search_term_string}"},"query-input":{"@type":"PropertyValueSpecification","valueRequired":true,"valueName":"search_term_string"}}],"inLanguage":"tr"},{"@type":"Organization","@id":"https:\/\/www.enucuzu.com\/blog\/#organization","name":"Enucuzu.com","alternateName":"Enucuzu","url":"https:\/\/www.enucuzu.com\/blog\/","logo":{"@type":"ImageObject","inLanguage":"tr","@id":"https:\/\/www.enucuzu.com\/blog\/#\/schema\/logo\/image\/","url":"https:\/\/www.enucuzu.com\/blog\/wp-content\/uploads\/2023\/10\/enucuzu-com.webp","contentUrl":"https:\/\/www.enucuzu.com\/blog\/wp-content\/uploads\/2023\/10\/enucuzu-com.webp","width":500,"height":500,"caption":"Enucuzu.com"},"image":{"@id":"https:\/\/www.enucuzu.com\/blog\/#\/schema\/logo\/image\/"},"sameAs":["https:\/\/www.facebook.com\/eenucuzucom","https:\/\/x.com\/ComEnucuzu","https:\/\/www.instagram.com\/enucuzu_com\/"]}]}},"_links":{"self":[{"href":"https:\/\/www.enucuzu.com\/blog\/wp-json\/wp\/v2\/pages\/9710"}],"collection":[{"href":"https:\/\/www.enucuzu.com\/blog\/wp-json\/wp\/v2\/pages"}],"about":[{"href":"https:\/\/www.enucuzu.com\/blog\/wp-json\/wp\/v2\/types\/page"}],"author":[{"embeddable":true,"href":"https:\/\/www.enucuzu.com\/blog\/wp-json\/wp\/v2\/users\/1"}],"replies":[{"embeddable":true,"href":"https:\/\/www.enucuzu.com\/blog\/wp-json\/wp\/v2\/comments?post=9710"}],"version-history":[{"count":15,"href":"https:\/\/www.enucuzu.com\/blog\/wp-json\/wp\/v2\/pages\/9710\/revisions"}],"predecessor-version":[{"id":9974,"href":"https:\/\/www.enucuzu.com\/blog\/wp-json\/wp\/v2\/pages\/9710\/revisions\/9974"}],"wp:attachment":[{"href":"https:\/\/www.enucuzu.com\/blog\/wp-json\/wp\/v2\/media?parent=9710"}],"curies":[{"name":"wp","href":"https:\/\/api.w.org\/{rel}","templated":true}]}}